{"id":25,"date":"2018-07-16T23:43:48","date_gmt":"2018-07-16T23:43:48","guid":{"rendered":"http:\/\/box5666.temp.domains\/~gabrigo3\/?page_id=25"},"modified":"2022-05-18T21:49:07","modified_gmt":"2022-05-18T21:49:07","slug":"publicacoes","status":"publish","type":"page","link":"https:\/\/gabrielpoli.com\/?page_id=25","title":{"rendered":"Publica\u00e7\u00f5es"},"content":{"rendered":"<h2>2019<\/h2>\n<div class=\"wp-workCard_item wp-workCard--title\"><a class=\"js-work-strip-work-link text-gray-darker\" href=\"https:\/\/www.academia.edu\/39858804\/Cen%C3%A1rios_Urbanos_Futuros\">Cen\u00e1rios Urbanos Futuros<\/a><\/div>\n<div><\/div>\n<div class=\"wp-workCard_item\" style=\"padding-left: 40px;\">Poli de Figueiredo G.M. Cen\u00e1rios Urbanos Futuros. In: Atas do 3\u00ba Col\u00f3quio Internacional ICHT, 16 a 18 de abril, 2019, S\u00e3o Paulo, SP, Brasil. Imagin\u00e1rio: construir e habitar a Terra; deforma\u00e7\u00f5es, deslocamentos e devaneios. S\u00e3o Paulo: FAUUSP, 2019. p.139 &#8211; 155<\/div>\n<h2>2018<\/h2>\n<div class=\"ff1\">\n<div class=\"ff1\"><a href=\"https:\/\/teses.usp.br\/teses\/disponiveis\/16\/16132\/tde-21092018-151408\/pt-br.php\"><span class=\"a\">Poli de Figueiredo, G. M. <em>O discurso e a pr\u00e1tica da Smart City:\u00a0<\/em><\/span><em><span class=\"a\">P<span class=\"l10\">erspectivas cr\u00edticas e aproxima\u00e7\u00f5es sistem\u00e1ticas no contexto de metr\u00f3poles latino-americanas<\/span><\/span><\/em><\/a><\/div>\n<div class=\"ff1\"><\/div>\n<div class=\"ff13\" style=\"padding-left: 30px;\"><span class=\"a\">Disserta\u00e7\u00e3o apresentada \u00e0\u00a0Faculdade de Ar<span class=\"l8\">quitetura e\u00a0Urbanismo da\u00a0<\/span><\/span><span class=\"a\">Universidade de S\u00e3o Paulo para obten\u00e7\u00e3o do t\u00edtulo de Mestre em\u00a0<\/span><span class=\"a\">Arquitetura e\u00a0Urbanismo<span class=\"l6\">.<\/span><\/span><\/div>\n<div class=\"ff13\" style=\"padding-left: 30px;\"><span class=\"a\">\u00c1rea de Concentra\u00e7\u00e3o:\u00a0<\/span><span class=\"a\">T<span class=\"l\">ecnologia\u00a0da Arquitetura<\/span><\/span><\/div>\n<div class=\"ff13\" style=\"padding-left: 30px;\"><span class=\"a\">Orientador:\u00a0<\/span><span class=\"a\">Prof.\u00a0<span class=\"l8\">Dr. Artur Sim\u00f5es Rozestraten<\/span><\/span><\/div>\n<\/div>\n<div><\/div>\n<p><a href=\"https:\/\/www.academia.edu\/36972050\/Campuses_in_the_Global_South_Is_Sustainability_Possible_Without_Considering_Social_and_Territorial_Dimensions\"><em>Campuses in the Global South: Is Sustainability Possible Without Considering Social and Territorial Dimensions?<\/em><\/a><\/p>\n<p style=\"padding-left: 40px;\">Poli de Figueiredo G.M. Campuses in the Global South: Is Sustainability Possible Without Considering Social and Territorial Dimensions?. In: Leal Filho W., Frankenberger F., Iglecias P., M\u00fclfarth R. (eds) Towards Green Campus Operations. World Sustainability Series. Springer, Cham. 2018. Pp 93-103.\u00a0<abbr title=\"Digital Object Identifier\">DOI:\u00a0<\/abbr><span id=\"doi-url\">https:\/\/doi.org\/10.1007\/978-3-319-76885-4_5.\u00a0<\/span>Print ISBN:\u00a0<span id=\"print-isbn\">978-3-319-76884-7.\u00a0<\/span>Online ISBN:\u00a0<span id=\"electronic-isbn\">978-3-319-76885-4.<\/span><\/p>\n<div class=\"ff1\"><a href=\"https:\/\/www.academia.edu\/36720016\/CADERNO_DE_RESUMOS_-_IV_Semin%C3%A1rio_RITe_2018\"><span class=\"a\">O discurso e a pr\u00e1tica da\u00a0Smart City:\u00a0<\/span><span class=\"a\">Perspectivas cr\u00edticas e aproxima\u00e7\u00f5es<\/span><\/a><\/div>\n<div><\/div>\n<div class=\"ff1\" style=\"padding-left: 30px;\">FIGUEIREDO, G. M. P. <span class=\"a\">O discurso e a pr\u00e1tica da\u00a0Smart City:\u00a0<\/span><span class=\"a\">Perspectivas cr\u00edticas e aproxima\u00e7\u00f5es<\/span> In: IV Semin\u00e1rio do Grupo de Pesquisa CNPq \u201cRepresenta\u00e7\u00f5es: Imagin\u00e1rio e Tecnologia\u201d (RITe), 2018, S\u00e3o Paulo.\u00a0<em>Caderno de resumos do IV Semin\u00e1rio do Grupo de Pesquisa CNPq \u201cRepresenta\u00e7\u00f5es: Imagin\u00e1rio e Tecnologia\u201d (RITe)<\/em><b>,<\/b>. S\u00e3o Paulo: FAUUSP &#8211; Faculdade de Arquitetura e Urbanismo da Universidade de S\u00e3o Paulo, 2018. p.31 &#8211; 36<\/div>\n<h2>2017<\/h2>\n<p><a href=\"https:\/\/www.academia.edu\/33762865\/III_SEMIN%C3%81RIO_do_Grupo_de_Pesquisa_CNPq\">O DISCURSO E A PR\u00c1TICA DA SMART CITY NO CONTEXTO DE METR\u00d3POLES LATINO-AMERICANAS: Perspectivas cr\u00edticas e aproxima\u00e7\u00f5es sistem\u00e1ticas<\/a><\/p>\n<p style=\"padding-left: 30px;\">FIGUEIREDO, G. M. P. O DISCURSO E A PR\u00c1TICA DA SMART CITY NO CONTEXTO DE METR\u00d3POLES LATINO-AMERICANAS: Perspectivas cr\u00edticas e aproxima\u00e7\u00f5es sistem\u00e1ticas In: III Semin\u00e1rio do Grupo de Pesquisa CNPq \u201cRepresenta\u00e7\u00f5es: Imagin\u00e1rio e Tecnologia\u201d (RITe), 2017, S\u00e3o Paulo.\u00a0<em>Caderno de resumos do III Semin\u00e1rio do Grupo de Pesquisa CNPq \u201cRepresenta\u00e7\u00f5es: Imagin\u00e1rio e Tecnologia\u201d (RITe)<\/em><b>,<\/b>. S\u00e3o Paulo: FAUUSP &#8211; Faculdade de Arquitetura e Urbanismo da Universidade de S\u00e3o Paulo, 2017. p.41 &#8211; 43<\/p>\n<h2>2016<\/h2>\n<p><a href=\"https:\/\/www.academia.edu\/27421624\/CIDADES_INTELIGENTES_NO_CONTEXTO_BRASILEIRO_A_IMPORT%C3%82NCIA_DE_UMA_REFLEX%C3%83O_CR%C3%8DTICA\">CIDADES INTELIGENTES NO CONTEXTO BRASILEIRO: A IMPORT\u00c2NCIA DE UMA REFLEX\u00c3O CR\u00cdTICA<\/a><\/p>\n<p style=\"padding-left: 30px;\">FIGUEIREDO, G. M. P. CIDADES INTELIGENTES NO CONTEXTO BRASILEIRO: A IMPORT\u00c2NCIA DE UMA REFLEX\u00c3O CR\u00cdTICA In: IV ENANPARQ &#8211; Encontro da Associa\u00e7\u00e3o Nacional de Pesquisa e P\u00f3s-gradua\u00e7\u00e3o em Arquitetura e Urbanismo, 2016, Porto Alegre.\u00a0\u00a0\u00a0<em>Anais do IV ENANPARQ &#8211; Encontro da Associa\u00e7\u00e3o Nacional de Pesquisa e P\u00f3s-gradua\u00e7\u00e3o em Arquitetura e Urbanismo<\/em>. Porto Alegre: PROPAR\/UFRGS, 2016.<br \/>\nPalavras-chave: Smart City, Cidades Inteligentes, Desigualdade, Imagin\u00e1rio<\/p>\n<div><a href=\"https:\/\/www.academia.edu\/33859952\/IMAGIN%C3%81RIO_E_TECNOLOGIA_CIDADES_INTELIGENTES_E_PO%C3%89TICAS_URBANAS\">IMAGIN\u00c1RIO E TECNOLOGIA: CIDADES \u201cINTELIGENTES\u201d E PO\u00c9TICAS URBANAS<\/a><\/div>\n<div><\/div>\n<div style=\"padding-left: 30px;\">ROZESTRATEN, Artur Sim\u00f5es;\u00a0VASS\u00c3O, Caio Adorno;\u00a0FIGUEIREDO, G. M. P.;\u00a0GIRARD, Lucas. IMAGIN\u00c1RIO E TECNOLOGIA: CIDADES \u201cINTELIGENTES\u201d E PO\u00c9TICAS URBANAS. In: IX Simp\u00f3sio Nacional da ABCiber \u2013 Associa\u00e7\u00e3o Brasileira de Pesquisadores em Cibercultura, 2016, S\u00e3o Paulo. <em>Anais eletr\u00f4nicos do IX Simp\u00f3sio Nacional da ABCiber \u2013 Associa\u00e7\u00e3o Brasileira de Pesquisadores em Cibercultura \u2013 PUC-SP, 2016<\/em>. , 2016.<\/div>\n<div style=\"padding-left: 30px;\"><\/div>\n<div><a href=\"http:\/\/www.usjt.br\/arq.urb\/numero-17\/10-artur-rozestraten.pdf\">\u201cArquigrafia de linhas imagin\u00e1rias\u201d: Reflex\u00f5es cr\u00edticas<\/a><\/div>\n<div><\/div>\n<div style=\"padding-left: 30px;\">\u00a0ROZESTRATEN, Artur Sim\u00f5es;\u00a0OLIVEIRA, J. C. C. B.;\u00a0GUTIERREZ, Rodrigo Luiz Minot;\u00a0FERREIRA, Fernando Gobbo;\u00a0FIGUEIREDO, G. M. P. \u201cArquigrafia de linhas imagin\u00e1rias\u201d: Reflex\u00f5es cr\u00edticas. <em>Arq.Urb<\/em>. , v.17, p.150 &#8211; 161, 2016.<\/div>\n<div><\/div>\n<div>\n<p><a href=\"https:\/\/www.academia.edu\/26949597\/Caderno_de_Resumos_do_II_Semin%C3%A1rio_do_Grupo_de_Pesquisa_CNPq_Representa%C3%A7%C3%B5es_Imagin%C3%A1rio_e_Tecnologia_RITe_2016\">Cidades inteligentes no contexto brasileiro: discurso e pr\u00e1tica da &#8216;smart city&#8217; como forma de potencializar a democratiza\u00e7\u00e3o do espa\u00e7o urbano e a redu\u00e7\u00e3o da desigualdade social<\/a><\/p>\n<\/div>\n<div class=\"ff4\" style=\"padding-left: 30px;\">FIGUEIREDO, G. M. P. Cidades inteligentes no contexto brasileiro: discurso e pr\u00e1tica da &#8216;smart city&#8217; como forma de potencializar a democratiza\u00e7\u00e3o do espa\u00e7o urbano e a redu\u00e7\u00e3o da desigualdade social In: II Semin\u00e1rio do Grupo de Pesquisa CNPq &#8216;Representa\u00e7\u00f5es: imagin\u00e1rio e tecnologia&#8217; RITe, 2016, S\u00e3o Paulo.<br \/>\n<em>Caderno de Resumos do II Semin\u00e1rio do Grupo de Pesquisa CNPq &#8216;Representa\u00e7\u00f5es: imagin\u00e1rio e tecnologia&#8217; RITe.<\/em> S\u00e3o Paulo: FAUUSP, 2016. p.52 &#8211; 53<\/div>\n<h2><\/h2>\n","protected":false},"excerpt":{"rendered":"<p>2019 Cen\u00e1rios Urbanos Futuros Poli de Figueiredo G.M. Cen\u00e1rios Urbanos Futuros. In: Atas do 3\u00ba Col\u00f3quio Internacional ICHT, 16 a 18 de abril, 2019, S\u00e3o Paulo, SP, Brasil. Imagin\u00e1rio: construir e habitar a Terra; deforma\u00e7\u00f5es, deslocamentos e devaneios. S\u00e3o Paulo: FAUUSP, 2019. p.139 &#8211; 155 2018 Poli de Figueiredo, G. M. O discurso e a [&hellip;]<\/p>\n","protected":false},"author":2,"featured_media":0,"parent":0,"menu_order":0,"comment_status":"closed","ping_status":"closed","template":"","meta":{"om_disable_all_campaigns":false,"_monsterinsights_skip_tracking":false,"_monsterinsights_sitenote_active":false,"_monsterinsights_sitenote_note":"","_monsterinsights_sitenote_category":0,"footnotes":""},"class_list":["post-25","page","type-page","status-publish","hentry"],"_links":{"self":[{"href":"https:\/\/gabrielpoli.com\/index.php?rest_route=\/wp\/v2\/pages\/25","targetHints":{"allow":["GET"]}}],"collection":[{"href":"https:\/\/gabrielpoli.com\/index.php?rest_route=\/wp\/v2\/pages"}],"about":[{"href":"https:\/\/gabrielpoli.com\/index.php?rest_route=\/wp\/v2\/types\/page"}],"author":[{"embeddable":true,"href":"https:\/\/gabrielpoli.com\/index.php?rest_route=\/wp\/v2\/users\/2"}],"replies":[{"embeddable":true,"href":"https:\/\/gabrielpoli.com\/index.php?rest_route=%2Fwp%2Fv2%2Fcomments&post=25"}],"version-history":[{"count":2,"href":"https:\/\/gabrielpoli.com\/index.php?rest_route=\/wp\/v2\/pages\/25\/revisions"}],"predecessor-version":[{"id":108,"href":"https:\/\/gabrielpoli.com\/index.php?rest_route=\/wp\/v2\/pages\/25\/revisions\/108"}],"wp:attachment":[{"href":"https:\/\/gabrielpoli.com\/index.php?rest_route=%2Fwp%2Fv2%2Fmedia&parent=25"}],"curies":[{"name":"wp","href":"https:\/\/api.w.org\/{rel}","templated":true}]}}